{"id":11,"date":"2020-01-22T00:39:05","date_gmt":"2020-01-21T23:39:05","guid":{"rendered":"http:\/\/polinowex.com\/?page_id=11"},"modified":"2025-06-10T11:31:04","modified_gmt":"2025-06-10T09:31:04","slug":"company-2","status":"publish","type":"page","link":"https:\/\/polinowex.com\/de\/company-2\/","title":{"rendered":"About Us"},"content":{"rendered":"<div class=\"wpb-content-wrapper\"><p>[vc_row][vc_column][vc_custom_heading text=&#8220;WHY POLINOWEX&#8220; use_theme_fonts=&#8220;yes&#8220;][\/vc_column][\/vc_row][vc_row full_width=&#8220;stretch_row&#8220; el_class=&#8220;about-us-img&#8220; css=&#8220;.vc_custom_1580659657607{background-image: url(https:\/\/polinowex.com\/wp-content\/uploads\/2020\/02\/about-us-bg-2.png?id=184) !important;}&#8220;][vc_column width=&#8220;1\/2&#8243; css=&#8220;.vc_custom_1580607956635{padding-top: 0px !important;}&#8220;][vc_column_text]Polinowex is a company with almost 30 years of experience on the market in a number of industries providing innovative dismantling,<br \/>\nindustrial relocation and reassembly services. Our offer, apart from<br \/>\nstandard dismantling and packaging, includes also match marking, 3D scanning and dry ice cleaning.<\/p>\n<p>The company employs now over 200 employees, many of them<br \/>\naccomplished technicians with experience in multiple industries in which Polinowex operates. Our veteran technicians operate sophisticated,<br \/>\nprofessional tools and equipment daily, and they happily accept new challenges.<\/p>\n<p>Our work is our passion, that is why we treat each project individually<br \/>\nand manage it with care and extreme diligence. Our mission is to execute<br \/>\nprojects flawlessly and have satisfied customers.<\/p>\n<p>We value our customers highly, and at the same time we take proper care of our employees whose hard work is the foundation of our company\u2019s and clients\u2019 success. Polinowex was awarded three certificates proving that Health &amp; Safety are of key importance to our operations: ISO 9001, ISO 14001 and ISO 45001.[\/vc_column_text][\/vc_column][vc_column width=&#8220;1\/2&#8243; css=&#8220;.vc_custom_1580607730120{padding-top: 0px !important;}&#8220;][vc_column_text]Before we commence operations, we prepare documents analyzing and stating the methods and technology we will use, we provide our clients with a detailed risk assessment together with contingency plans, and assume preliminary schedule.<\/p>\n<p>As we begin dismantling activities, we make sure to thoroughly 3Dscan all the premises, machinery and equipment to facilitate our operations in the reassembly phase. Our company uses on daily basis specializes software for designing wooden crates and assessing material needs, special crane software to plan heavy lifting.<\/p>\n<p>To make sure we meet all of our clients\u2019 needs, we approach each and every project in a flexible manner, taking into account varying conditions and regulations depending on the country of operation.[\/vc_column_text][\/vc_column][\/vc_row][vc_row full_width=&#8220;stretch_row&#8220; css=&#8220;.vc_custom_1580660234232{padding-top: 40px !important;padding-bottom: 40px !important;background-color: #0d2985 !important;}&#8220;][vc_column width=&#8220;1\/2&#8243; el_class=&#8220;white-text-color&#8220;][vc_custom_heading text=&#8220;OUR STANDARDS&#8220; font_container=&#8220;tag:h2|text_align:left|color:%23ffffff&#8220; use_theme_fonts=&#8220;yes&#8220;][vc_column_text]<strong>At Polinowex we care.<\/strong><br \/>\nHealth and Safety of our workers are our first and foremost concern. It is therefore crucial to ensure safety of our personnel everywhere they work and immediate assistance whenever it becomes necessary.<\/p>\n<p>We are constantly strengthening our efforts to promote H&amp;S culture among our employees offering them courses that boost their knowledge and skills. As a result, the company has succeeded in significantly<br \/>\nreducing injury and incident rate in recent years.<br \/>\nAll our operations and our entire activity are in accordance with the highest global standards. Over the years, we successfully implemented<br \/>\na complex management system based on certificates OHSAS 18001:2007, ISO 14001:2004 and ISO 9001:2008.<\/p>\n<p>It all adds up to a reliable, successful and timely execution of disassembly, relocation and reassembly works without delays, providing our clients with the best service, catering to their individual needs.[\/vc_column_text][\/vc_column][vc_column width=&#8220;1\/2&#8243;][vc_single_image image=&#8220;176&#8243; img_size=&#8220;full&#8220; alignment=&#8220;right&#8220; css=&#8220;.vc_custom_1580660391829{padding-top: 30px !important;}&#8220; el_class=&#8220;shadowed&#8220;][\/vc_column][\/vc_row][vc_row full_width=&#8220;stretch_row&#8220; css=&#8220;.vc_custom_1580661863888{padding-top: 40px !important;padding-bottom: 40px !important;background-color: #dedede !important;}&#8220;][vc_column width=&#8220;1\/2&#8243; el_class=&#8220;blue-text-color&#8220;][vc_single_image image=&#8220;176&#8243; img_size=&#8220;full&#8220; css=&#8220;.vc_custom_1580661987373{padding-top: 30px !important;}&#8220; el_class=&#8220;shadowed&#8220;][\/vc_column][vc_column width=&#8220;1\/2&#8243; el_class=&#8220;blue-text-color&#8220;][vc_custom_heading text=&#8220;ABOUT THE COMPANY&#8220; font_container=&#8220;tag:h2|text_align:left|color:%230d2985&#8243; use_theme_fonts=&#8220;yes&#8220;][vc_column_text]Established in 1991 in Lublin by a Polish engineer and entrepreneur Jerzy \u015awiderek, Polinowex is now a global provider of world-class services in the field of dismantling, relocation and reassembly of entire industrial plants, technological units, production lines and machinery.<\/p>\n<p>Industrial relocations have nowadays become a crucial part of contemporary world economics, production management and business optimization. Our company offers cutting-edge, state-of-the-art solutions in this niche market to industries ranging from power and energy, chemistry and refineries, pulp and paper, steel and metal, to food processing or automotive.<\/p>\n<p>Our company started as a family-owned enterprise and grew to become corporation employing 200 people and executing projects globally. Over the last three decades, Polinowex executed more than 400 projects across Europe, Asia, Africa and both Americas.<\/p>\n<p>From our very first international project in Germany, we knew <strong>that sky is the limit!<\/strong>[\/vc_column_text][\/vc_column][\/vc_row][vc_row][vc_column][vc_custom_heading text=&#8220;TEAM&#8220; use_theme_fonts=&#8220;yes&#8220;][\/vc_column][\/vc_row][vc_row equal_height=&#8220;yes&#8220;][vc_column width=&#8220;1\/2&#8243; el_class=&#8220;team-member&#8220; offset=&#8220;vc_col-md-3 vc_col-xs-12&#8243;][vc_single_image image=&#8220;197&#8243; img_size=&#8220;team-thumbnail&#8220;][vc_column_text]<\/p>\n<h5>PRESIDENT OF THE BOARD<\/h5>\n<h3>Jerzy Swiderek<\/h3>\n<p>+48 602 264 268<br \/>\njerzy.swiderek@polinowex.com[\/vc_column_text][\/vc_column][vc_column width=&#8220;1\/2&#8243; el_class=&#8220;team-member&#8220; offset=&#8220;vc_col-md-3 vc_col-xs-12&#8243;][vc_single_image image=&#8220;201&#8243; img_size=&#8220;team-thumbnail&#8220;][vc_column_text]<\/p>\n<h5>Vice President of the Board<\/h5>\n<h3>Bartosz Swiderek<\/h3>\n<p>+48 602 663 663<br \/>\nbartosz.swiderek@polinowex.com[\/vc_column_text][\/vc_column][vc_column width=&#8220;1\/2&#8243; el_class=&#8220;team-member&#8220; offset=&#8220;vc_col-md-3 vc_col-xs-12&#8243;][vc_single_image image=&#8220;203&#8243; img_size=&#8220;team-thumbnail&#8220;][vc_column_text]<\/p>\n<h5>MEMBER OF THE BOARD<\/h5>\n<h3>Magdalena Mulak<\/h3>\n<p>+48 602 662 662<br \/>\nmagdalena.mulak@polinowex.com[\/vc_column_text][\/vc_column][vc_column width=&#8220;1\/2&#8243; el_class=&#8220;team-member&#8220; offset=&#8220;vc_col-md-3 vc_col-xs-12&#8243;][vc_single_image image=&#8220;205&#8243; img_size=&#8220;team-thumbnail&#8220;][vc_column_text]<\/p>\n<h5>MANAGING DIRECTOR<\/h5>\n<h3>Piotr Rakowski<\/h3>\n<p>+48 662 139 729<br \/>\npiotr.rakowski@polinowex.com[\/vc_column_text][\/vc_column][\/vc_row][vc_row equal_height=&#8220;yes&#8220;][vc_column width=&#8220;1\/2&#8243; el_class=&#8220;team-member&#8220; offset=&#8220;vc_col-md-3 vc_col-xs-12&#8243;][vc_single_image image=&#8220;212&#8243; img_size=&#8220;team-thumbnail&#8220;][vc_column_text]<\/p>\n<h5>FINANCIAL DIRECTOR<\/h5>\n<h3>Monika Kaliszuk<\/h3>\n<p>+48 662 152 551<br \/>\nmonika.kaliszuk@polinowex.com<\/p>\n<p>[\/vc_column_text][\/vc_column][vc_column width=&#8220;1\/2&#8243; el_class=&#8220;team-member&#8220; offset=&#8220;vc_col-md-3 vc_col-xs-12&#8243;][vc_single_image image=&#8220;214&#8243; img_size=&#8220;team-thumbnail&#8220;][vc_column_text]<\/p>\n<h5>TECHNICAL MANAGER<\/h5>\n<h3>Zbigniew Swiderek<\/h3>\n<p>+48 608 069 373<br \/>\nzbigniew.swiderek@polinowex.com[\/vc_column_text][\/vc_column][vc_column width=&#8220;1\/2&#8243; el_class=&#8220;team-member&#8220; offset=&#8220;vc_col-md-3 vc_col-xs-12&#8243;][vc_single_image image=&#8220;216&#8243; img_size=&#8220;team-thumbnail&#8220;][vc_column_text]<\/p>\n<h5>IT &amp; LOGISTICS MANAGER<\/h5>\n<h3>Piotr Lewandowski<\/h3>\n<p>+48 600 897 803<br \/>\npiotr.lewandowski@polinowex.pl[\/vc_column_text][\/vc_column][vc_column width=&#8220;1\/2&#8243; el_class=&#8220;team-member&#8220; offset=&#8220;vc_col-md-3 vc_col-xs-12&#8243;][vc_single_image image=&#8220;741&#8243; img_size=&#8220;team-thumbnail&#8220;][vc_column_text]<\/p>\n<h5>HR MANAGER<\/h5>\n<h3>Sylwia \u017byszkiewicz<\/h3>\n<p>+48 606 213 157<br \/>\nsylwia.zyszkiewicz@polinowex.com[\/vc_column_text][\/vc_column][\/vc_row][vc_row equal_height=&#8220;yes&#8220;][vc_column width=&#8220;1\/4&#8243; el_class=&#8220;team-member&#8220; offset=&#8220;vc_col-md-3 vc_col-xs-12&#8243;][vc_single_image image=&#8220;214&#8243; img_size=&#8220;team-thumbnail&#8220;][vc_column_text]<\/p>\n<h5>HSE Expert<\/h5>\n<h3>Micha\u0142 Ogonowski<\/h3>\n<p>+48 660 468 483<br \/>\nmichal.ogonowski@polinowex.com[\/vc_column_text][\/vc_column][vc_column width=&#8220;1\/4&#8243; el_class=&#8220;team-member&#8220;][vc_single_image image=&#8220;218&#8243; img_size=&#8220;team-thumbnail&#8220;][vc_column_text]<\/p>\n<h5>Project Manager<\/h5>\n<h3>Wojciech Rozylo<\/h3>\n<p>+48 662 139 730<br \/>\nwojciech.rozylo@polinowex.com[\/vc_column_text][\/vc_column][vc_column width=&#8220;1\/4&#8243; el_class=&#8220;team-member&#8220; offset=&#8220;vc_col-md-3 vc_col-xs-12&#8243;][vc_single_image image=&#8220;222&#8243; img_size=&#8220;team-thumbnail&#8220;][vc_column_text]<\/p>\n<h5>Project Manager<\/h5>\n<h3>Micha\u0142 Makowski<\/h3>\n<p>+48 662 139 733<br \/>\nmichal.makowski@polinowex.com<\/p>\n<p>[\/vc_column_text][\/vc_column][vc_column width=&#8220;1\/4&#8243; el_class=&#8220;team-member&#8220; offset=&#8220;vc_col-md-3 vc_col-xs-12&#8243;][vc_single_image image=&#8220;214&#8243; img_size=&#8220;team-thumbnail&#8220;][vc_column_text]<\/p>\n<h5>Project Manager &#8211; Eastern Market<\/h5>\n<h3>Volodymyr Kobzar<\/h3>\n<p>+48 608 409 137<br \/>\nvolodymyr.kobzar@polinowex.com[\/vc_column_text][\/vc_column][\/vc_row][vc_row equal_height=&#8220;yes&#8220;][vc_column width=&#8220;1\/2&#8243; el_class=&#8220;team-member&#8220; offset=&#8220;vc_col-md-3 vc_col-xs-12&#8243;][vc_single_image image=&#8220;230&#8243; img_size=&#8220;team-thumbnail&#8220;][vc_column_text]<\/p>\n<h5>Project Manager<\/h5>\n<h3>Grzegorz Sedlak<\/h3>\n<p>+48 664 430 836<br \/>\ngrzegorz.sedlak@polinowex.com[\/vc_column_text][\/vc_column][vc_column width=&#8220;1\/2&#8243; el_class=&#8220;team-member&#8220; offset=&#8220;vc_col-md-3 vc_col-xs-12&#8243;][vc_single_image image=&#8220;226&#8243; img_size=&#8220;team-thumbnail&#8220;][vc_column_text]<\/p>\n<h5>Project Manager<\/h5>\n<h3>Artur Hetma\u0144ski<\/h3>\n<p>+48\u00a0504\u00a0585\u00a0958<br \/>\nartur.hetmanski@polinowex.com[\/vc_column_text][\/vc_column][vc_column width=&#8220;1\/2&#8243; el_class=&#8220;team-member&#8220; offset=&#8220;vc_col-md-3 vc_col-xs-12&#8243;][vc_single_image image=&#8220;224&#8243; img_size=&#8220;team-thumbnail&#8220;][vc_column_text]<\/p>\n<h5>Project Manager<\/h5>\n<h3>Karol Kunc<\/h3>\n<p>+48 784 096 282<br \/>\nkarol.kunc@polinowex.com<\/p>\n<p>[\/vc_column_text][\/vc_column][vc_column width=&#8220;1\/2&#8243; el_class=&#8220;team-member&#8220; offset=&#8220;vc_col-md-3 vc_col-xs-12&#8243;][vc_single_image image=&#8220;228&#8243; img_size=&#8220;team-thumbnail&#8220;][vc_column_text]<\/p>\n<h5>Project Manager<\/h5>\n<h3>Robert Obraniak<\/h3>\n<p>+48 602 235 626<br \/>\nrobert.obraniak@polinowex.pl[\/vc_column_text][\/vc_column][\/vc_row][vc_row equal_height=&#8220;yes&#8220;][vc_column width=&#8220;1\/2&#8243; el_class=&#8220;team-member&#8220; offset=&#8220;vc_col-md-3 vc_col-xs-12&#8243;][vc_single_image image=&#8220;745&#8243; img_size=&#8220;team-thumbnail&#8220;][vc_column_text]<\/p>\n<h5>Project Manager<\/h5>\n<h3>\u0141ukasz Mieszawski<\/h3>\n<p>+48 728 311 986<br \/>\nlukasz.mieszawski@polinowex.com[\/vc_column_text][\/vc_column][vc_column width=&#8220;1\/2&#8243; el_class=&#8220;team-member&#8220; offset=&#8220;vc_col-md-3 vc_col-xs-12&#8243;][vc_single_image image=&#8220;750&#8243; img_size=&#8220;team-thumbnail&#8220;][vc_column_text]<\/p>\n<h5>Project Manager<\/h5>\n<h3>Artur Smoli\u0144ski<\/h3>\n<p>+48 538 434 485<br \/>\nartur.smolinski@polinowex.com[\/vc_column_text][\/vc_column][vc_column width=&#8220;1\/2&#8243; el_class=&#8220;team-member&#8220; offset=&#8220;vc_col-md-3 vc_col-xs-12&#8243;][vc_single_image image=&#8220;214&#8243; img_size=&#8220;team-thumbnail&#8220;][vc_column_text]<\/p>\n<h5>Project Manager<\/h5>\n<h3>Dominik Wielemborek<\/h3>\n<p>+48 784 096 281<br \/>\ndominik.wielemborek@polinowex.pl[\/vc_column_text][\/vc_column][\/vc_row][vc_row][vc_column][vc_empty_space][vc_custom_heading text=&#8220;Internationalisation&#8220; use_theme_fonts=&#8220;yes&#8220;][vc_column_text]The company executed the project as part of the co-financing agreement No. POPW.01.02.00-06-0009\/18 \u201cInternationalisation project of the POL-INOWEX company on the US and DACH markets (Projekt internacjonalizacji przedsi\u0119biorstwa POL-INOWEX na rynki USA I DACH)\u201d<\/p>\n<p>The aim of the project is to implement the recommendations developed while creating the Business Internationalisation Model whose aim is to introduce POL-INOWEX to new foreign markets in the USA and DACH countries.<br \/>\nProject value: PLN 818.390,91<br \/>\nFinancing value: PLN 476.396,66<br \/>\n[\/vc_column_text][vc_single_image image=&#8220;323&#8243; img_size=&#8220;large&#8220;][\/vc_column][\/vc_row][vc_row][vc_column][vc_empty_space][vc_custom_heading text=&#8220;EXPO OSAKA 2025&#8243; use_theme_fonts=&#8220;yes&#8220; css=&#8220;&#8220;][vc_column_text css=&#8220;&#8220;]Firma POL-INOWEX Sp. z o.o. bra\u0142a udzia\u0142 w wyje\u017adzie na misj\u0119 gospodarcz\u0105 po\u0142\u0105czon\u0105 z udzia\u0142em w Wystawie \u015awiatowej EXPO OSAKA 2025\u00a0 w Osace\u00a0 (Japonia).<\/p>\n<p>Wyjazd ten jest wsp\u00f3\u0142finansowany ze \u015brodk\u00f3w Projektu \u201eMarketing Gospodarczy Wojew\u00f3dztwa Lubelskiego III\u201d.<\/p>\n<p>&nbsp;<\/p>\n<p>POL-INOWEX Sp. z o.o.\u00a0participated in a business mission combined with attendance at the\u00a0World Expo 2025 in Osaka (Japan).<br \/>\nThis trip is co-financed by the project &#8222;Economic Marketing of the Lublin Voivodeship III.&#8220;[\/vc_column_text][vc_single_image image=&#8220;891&#8243; img_size=&#8220;large&#8220; css=&#8220;&#8220;][\/vc_column][\/vc_row]<\/p>\n<\/div>","protected":false},"excerpt":{"rendered":"<p>[vc_row][vc_column][vc_custom_heading text=&#8220;WHY POLINOWEX&#8220; use_theme_fonts=&#8220;yes&#8220;][\/vc_column][\/vc_row][vc_row full_width=&#8220;stretch_row&#8220; el_class=&#8220;about-us-img&#8220; css=&#8220;.vc_custom_1580659657607{background-image: url(https:\/\/polinowex.com\/wp-content\/uploads\/2020\/02\/about-us-bg-2.png?id=184) !important;}&#8220;][vc_column width=&#8220;1\/2&#8243; css=&#8220;.vc_custom_1580607956635{padding-top: 0px !important;}&#8220;][vc_column_text]Polinowex is a company with almost 30 years of experience on the market in a number of industries providing innovative dismantling, industrial relocation and reassembly services. Our offer, apart from standard dismantling and packaging, includes also match marking, 3D scanning and dry ice [&hellip;]<\/p>\n","protected":false},"author":3,"featured_media":313,"parent":0,"menu_order":0,"comment_status":"closed","ping_status":"closed","template":"aboutus.php","meta":{"footnotes":""},"class_list":["post-11","page","type-page","status-publish","has-post-thumbnail","hentry"],"_links":{"self":[{"href":"https:\/\/polinowex.com\/de\/wp-json\/wp\/v2\/pages\/11","targetHints":{"allow":["GET"]}}],"collection":[{"href":"https:\/\/polinowex.com\/de\/wp-json\/wp\/v2\/pages"}],"about":[{"href":"https:\/\/polinowex.com\/de\/wp-json\/wp\/v2\/types\/page"}],"author":[{"embeddable":true,"href":"https:\/\/polinowex.com\/de\/wp-json\/wp\/v2\/users\/3"}],"replies":[{"embeddable":true,"href":"https:\/\/polinowex.com\/de\/wp-json\/wp\/v2\/comments?post=11"}],"version-history":[{"count":78,"href":"https:\/\/polinowex.com\/de\/wp-json\/wp\/v2\/pages\/11\/revisions"}],"predecessor-version":[{"id":894,"href":"https:\/\/polinowex.com\/de\/wp-json\/wp\/v2\/pages\/11\/revisions\/894"}],"wp:featuredmedia":[{"embeddable":true,"href":"https:\/\/polinowex.com\/de\/wp-json\/wp\/v2\/media\/313"}],"wp:attachment":[{"href":"https:\/\/polinowex.com\/de\/wp-json\/wp\/v2\/media?parent=11"}],"curies":[{"name":"wp","href":"https:\/\/api.w.org\/{rel}","templated":true}]}}