{"id":447,"date":"2020-01-22T00:39:05","date_gmt":"2020-01-21T23:39:05","guid":{"rendered":"http:\/\/polinowex.com\/company\/"},"modified":"2021-12-08T10:20:25","modified_gmt":"2021-12-08T09:20:25","slug":"company","status":"publish","type":"page","link":"https:\/\/polinowex.com\/de\/company\/","title":{"rendered":"\u00dcber uns"},"content":{"rendered":"<div class=\"wpb-content-wrapper\"><p>[vc_row][vc_column][vc_custom_heading text=&#8220;WARUM POLINOWEX&#8220; use_theme_fonts=&#8220;yes&#8220;][\/vc_column][\/vc_row][vc_row full_width=&#8220;stretch_row&#8220; el_class=&#8220;about-us-img&#8220; css=&#8220;.vc_custom_1580659657607{background-image: url(https:\/\/polinowex.com\/wp-content\/uploads\/2020\/02\/about-us-bg-2.png?id=184) !important;}&#8220;][vc_column width=&#8220;1\/2&#8243; css=&#8220;.vc_custom_1580607956635{padding-top: 0px !important;}&#8220;][vc_column_text]Polinowex ist eine Firma mit rund 30 Jahren Erfahrung auf dem Markt in mehreren Industrien, die innovative Demontage-, Industrieverlagerungs- und Montageleistungen bietet. Unser Angebot, au\u00dfer der Demontage und des Packens, beinhaltet das Match-Marking, den 3D-Scan sowie die Trockeneisreinigung.<\/p>\n<p>Die Firma stellt \u00fcber 200 Mitarbeiter an, davon viele best\u00e4tigte Techniker mit Erfahrung in mehreren Branchen, in denen Polinowex operiert. Unsere erfahrenen Techniker bedienen tagt\u00e4glich komplexe, professionelle Ger\u00e4te und Ausstattung und akzeptieren mit Freude neue Herausforderungen.<\/p>\n<p>Die Arbeit ist unsere Leidenschaft, daher behandeln wir jedes Projekt als Einzelfall und managen es sorgf\u00e4ltig und extrem genau. Wir widmen uns fehlerfreier Durchf\u00fchrung von Projekten und der Zufriedenheit unserer Kunden.<\/p>\n<p>Wir sch\u00e4tzen unsere Kunden, gleichzeitig k\u00fcmmern wir uns aber um unsere Angestellten, deren schwere Arbeit das Fundament unserer Firma und des Erfolgs unserer Kunden festlegt. Polinowex bekam drei Zertifikate, die beweisen, dass Health &amp; Safety f\u00fcr unsere Auftr\u00e4ge von h\u00f6chster Bedeutung ist: ISO 9001, ISO 14001 und OHSAS 18001.[\/vc_column_text][\/vc_column][vc_column width=&#8220;1\/2&#8243; css=&#8220;.vc_custom_1580607730120{padding-top: 0px !important;}&#8220;][vc_column_text]Bevor wir Operationen beauftragen, bereiten wir Dokumente vor, die die zu benutzte Technologie analysieren und Methoden festlegen. Wir versorgen unsere Kunden mit detaillierter Gefahranalyse und Notpl\u00e4nen und setzen vorl\u00e4ufigen Zeitplan fest.<\/p>\n<p>Am Anfang der Abbauaktivit\u00e4ten scannen wir sorgf\u00e4ltig das gesamte Geb\u00e4ude, die Maschinen und die Ausstattung in 3D-Technologie, damit unsere Operationen in der Montagephase sichergestellt werden. Unsere Firma nutzt tagt\u00e4glich die Fachsoftware f\u00fcr das Entwerfen von Holzkisten und die Bewertung des materiellen Bedarfes, speziellen Kistensoftwares, um die Schwergutfracht zu planen.<\/p>\n<p>Um sicherzustellen, dass der Bedarf unseres Kunden erf\u00fcllt wird, machen wir uns an jedes einzelne Projekt flexibel dran und ber\u00fccksichtigen die sich \u00e4ndernden Verh\u00e4ltnisse und Regulationen, die vom Auftragsland abh\u00e4ngen.[\/vc_column_text][\/vc_column][\/vc_row][vc_row full_width=&#8220;stretch_row&#8220; css=&#8220;.vc_custom_1580660234232{padding-top: 40px !important;padding-bottom: 40px !important;background-color: #0d2985 !important;}&#8220;][vc_column width=&#8220;1\/2&#8243; el_class=&#8220;white-text-color&#8220;][vc_custom_heading text=&#8220;UNSERE STANDARDS&#8220; font_container=&#8220;tag:h2|text_align:left|color:%23ffffff&#8220; use_theme_fonts=&#8220;yes&#8220;][vc_column_text]<strong>Bei Polinowex k\u00fcmmern wir uns um Ihr Projekt.<\/strong><\/p>\n<p>Health and Safety unserer Mitarbeiter ist unsere wichtigste Sorge. Daher ist es von h\u00f6chster Wichtigkeit, die Sicherheit unseres Personals \u00fcberall bei der Arbeit sicherzustellen sowie die sofortige Unterst\u00fctzung, wenn diese gebraucht wird.<\/p>\n<p>Wir st\u00e4rken unser Bem\u00fchen, H&amp;S-Kultur bei unseren Mitarbeitern zu f\u00f6rdern und bieten Kurse, die ihr Wissen und ihre F\u00e4higkeiten ansteigen lassen. Als Resultat haben wir es geschafft, Verletzungen und die Unfallrate in den letzten Jahren deutlich zu reduzieren.<\/p>\n<p>Alle unseren Operationen und Aktivit\u00e4ten werden nach h\u00f6chsten globalen Standards ausgef\u00fchrt. In den Jahren unserer T\u00e4tigkeit haben wir erfolgreich ein komplexes Managementsystem entwickelt, das auf folgenden Zertifikaten basiert: OHSAS 18001:2007, ISO 14001:2004 und ISO 9001:2008.<\/p>\n<p>All dies f\u00fchrt zu einer zuverl\u00e4ssigen, erfolgreichen und zeitnahen Ausf\u00fchrung von Demontage-, Verlagerungs- und Montagearbeiten ohne Verz\u00f6gerungen, die unseren Kunden den besten Service bieten und auf ihre individuellen Bed\u00fcrfnisse eingehen.[\/vc_column_text][\/vc_column][vc_column width=&#8220;1\/2&#8243;][vc_single_image image=&#8220;176&#8243; img_size=&#8220;full&#8220; alignment=&#8220;right&#8220; css=&#8220;.vc_custom_1580660391829{padding-top: 30px !important;}&#8220; el_class=&#8220;shadowed&#8220;][\/vc_column][\/vc_row][vc_row full_width=&#8220;stretch_row&#8220; css=&#8220;.vc_custom_1580661863888{padding-top: 40px !important;padding-bottom: 40px !important;background-color: #dedede !important;}&#8220;][vc_column width=&#8220;1\/2&#8243; el_class=&#8220;blue-text-color&#8220;][vc_single_image image=&#8220;176&#8243; img_size=&#8220;full&#8220; css=&#8220;.vc_custom_1580661987373{padding-top: 30px !important;}&#8220; el_class=&#8220;shadowed&#8220;][\/vc_column][vc_column width=&#8220;1\/2&#8243; el_class=&#8220;blue-text-color&#8220;][vc_custom_heading text=&#8220;\u00dcBER DIE FIRMA&#8220; font_container=&#8220;tag:h2|text_align:left|color:%230d2985&#8243; use_theme_fonts=&#8220;yes&#8220;][vc_column_text]Polinowex wurde 1991 in Lublin durch polnischen Ingenieur und Unternehmer Jerzy \u015awiderek gegr\u00fcndet. Sie ist heutzutage globaler Anbieter erstklassiger Dienstleistungen im Bereich Demontage, Verlagerung und Montage ganzer Industrieanlagen, technologischer Einheiten, Produktionslinien und Maschinen.<\/p>\n<p>Industrielle Verlagerungen machen heutzutage einen wesentlichen Bestandteil heutiger Weltwirtschaft, des Produktionsmanagements und der Gesch\u00e4ftsoptimierung aus. In diesem Nischenmarkt bietet unser Unternehmen hochmoderne L\u00f6sungen auf dem neuesten Stand der Technik f\u00fcr solche Branchen wie die Strom- und Energiebranche, chemische Branche und Raffinerien, Zellstoff und Papier, Stahl und Metall, Lebensmittelverarbeitung oder die Automobilindustrie.<\/p>\n<p>Unser Unternehmen entstand als Familienunternehmen und entwickelte sich zu einer Firma mit 200 Mitarbeitern, die ihre Projekte weltweit durchf\u00fchrt. In den letzten drei Jahrzehnten hat Polinowex \u00fcber 400 Projekte in Europa, Asien, Afrika und Amerikas durchgef\u00fchrt.<\/p>\n<p>Seit unserem ersten internationalen Projekt in Deutschland wussten wir, dass nach oben keine Grenzen gesetzt sind![\/vc_column_text][\/vc_column][\/vc_row][vc_row][vc_column][vc_custom_heading text=&#8220;TEAM&#8220; use_theme_fonts=&#8220;yes&#8220;][\/vc_column][\/vc_row][vc_row equal_height=&#8220;yes&#8220;][vc_column width=&#8220;1\/2&#8243; el_class=&#8220;team-member&#8220; offset=&#8220;vc_col-md-3 vc_col-xs-12&#8243;][vc_single_image image=&#8220;197&#8243; img_size=&#8220;team-thumbnail&#8220;][vc_column_text]<\/p>\n<h5>Pr\u00e4sident des Vorstandes<\/h5>\n<h3>Jerzy Swiderek<\/h3>\n<p>+48 602 264 268<br \/>\nj.swiderek@polinowex.com[\/vc_column_text][\/vc_column][vc_column width=&#8220;1\/2&#8243; el_class=&#8220;team-member&#8220; offset=&#8220;vc_col-md-3 vc_col-xs-12&#8243;][vc_single_image image=&#8220;201&#8243; img_size=&#8220;team-thumbnail&#8220;][vc_column_text]<\/p>\n<h5>Stellvertretender Pr\u00e4sident des Vorstandes<\/h5>\n<h3>Bartosz Swiderek<\/h3>\n<p>+48 602 663 663<br \/>\nbartosz.swiderek@polinowex.com[\/vc_column_text][\/vc_column][vc_column width=&#8220;1\/2&#8243; el_class=&#8220;team-member&#8220; offset=&#8220;vc_col-md-3 vc_col-xs-12&#8243;][vc_single_image image=&#8220;203&#8243; img_size=&#8220;team-thumbnail&#8220;][vc_column_text]<\/p>\n<h5>Vorstandsmitglied<\/h5>\n<h3>Magdalena Mulak<\/h3>\n<p>+48 602 662 662<br \/>\nmagdalena.mulak@polinowex.com[\/vc_column_text][\/vc_column][vc_column width=&#8220;1\/2&#8243; el_class=&#8220;team-member&#8220; offset=&#8220;vc_col-md-3 vc_col-xs-12&#8243;][vc_single_image image=&#8220;205&#8243; img_size=&#8220;team-thumbnail&#8220;][vc_column_text]<\/p>\n<h5>Gesch\u00e4ftsf\u00fchrer<\/h5>\n<h3>Piotr Rakowski<\/h3>\n<p>+48 662 139 729<br \/>\npiotr.rakowski@polinowex.com[\/vc_column_text][\/vc_column][\/vc_row][vc_row equal_height=&#8220;yes&#8220;][vc_column width=&#8220;1\/2&#8243; el_class=&#8220;team-member&#8220; offset=&#8220;vc_col-md-3 vc_col-xs-12&#8243;][vc_single_image image=&#8220;212&#8243; img_size=&#8220;team-thumbnail&#8220;][vc_column_text]<\/p>\n<h5>Finanzdirektor<\/h5>\n<h3>Monika Kaliszuk<\/h3>\n<p>+48 662 152 551<br \/>\nmonika.kaliszuk@polinowex.com[\/vc_column_text][\/vc_column][vc_column width=&#8220;1\/2&#8243; el_class=&#8220;team-member&#8220; offset=&#8220;vc_col-md-3 vc_col-xs-12&#8243;][vc_single_image image=&#8220;214&#8243; img_size=&#8220;team-thumbnail&#8220;][vc_column_text]<\/p>\n<h5>Technischer Manager<\/h5>\n<h3>Zbigniew Swiderek<\/h3>\n<p>+48 608 069 373<br \/>\nzbigniew.swiderek@polinowex.com[\/vc_column_text][\/vc_column][vc_column width=&#8220;1\/2&#8243; el_class=&#8220;team-member&#8220; offset=&#8220;vc_col-md-3 vc_col-xs-12&#8243;][vc_single_image image=&#8220;216&#8243; img_size=&#8220;team-thumbnail&#8220;][vc_column_text]<\/p>\n<h5>Logistik- und IT-Manager<\/h5>\n<h3>Piotr Lewandowski<\/h3>\n<p>+48 600 897 803<br \/>\npiotr.lewandowski@polinowex.pl[\/vc_column_text][\/vc_column][vc_column width=&#8220;1\/2&#8243; el_class=&#8220;team-member&#8220; offset=&#8220;vc_col-md-3 vc_col-xs-12&#8243;][vc_single_image image=&#8220;218&#8243; img_size=&#8220;team-thumbnail&#8220;][vc_column_text]<\/p>\n<h5>Projektmanager<\/h5>\n<h3>Wojciech Rozylo<\/h3>\n<p>+48 662 139 730<br \/>\nwojciech.rozylo@polinowex.com[\/vc_column_text][\/vc_column][\/vc_row][vc_row equal_height=&#8220;yes&#8220;][vc_column width=&#8220;1\/2&#8243; el_class=&#8220;team-member&#8220; offset=&#8220;vc_col-md-3 vc_col-xs-12&#8243;][vc_single_image image=&#8220;222&#8243; img_size=&#8220;team-thumbnail&#8220;][vc_column_text]<\/p>\n<h5>Projektmanager<\/h5>\n<h3>Micha\u0142 Makowski<\/h3>\n<p>+48 662 139 733<br \/>\nmichal.makowski@polinowex.com[\/vc_column_text][\/vc_column][vc_column width=&#8220;1\/2&#8243; el_class=&#8220;team-member&#8220; offset=&#8220;vc_col-md-3 vc_col-xs-12&#8243;][vc_single_image image=&#8220;224&#8243; img_size=&#8220;team-thumbnail&#8220;][vc_column_text]<\/p>\n<h5>Projektmanager<\/h5>\n<h3>Karol Kunc<\/h3>\n<p>+48 784 096 282<br \/>\nkarol.kunc@polinowex.com[\/vc_column_text][\/vc_column][vc_column width=&#8220;1\/2&#8243; el_class=&#8220;team-member&#8220; offset=&#8220;vc_col-md-3 vc_col-xs-12&#8243;][vc_single_image image=&#8220;226&#8243; img_size=&#8220;team-thumbnail&#8220;][vc_column_text]<\/p>\n<h5>Projektmanager<\/h5>\n<h3>Artur Hetmanski<\/h3>\n<p>+48 604 432 308<br \/>\nartur.hetmanski@polinowex.com[\/vc_column_text][\/vc_column][vc_column width=&#8220;1\/2&#8243; el_class=&#8220;team-member&#8220; offset=&#8220;vc_col-md-3 vc_col-xs-12&#8243;][vc_single_image image=&#8220;228&#8243; img_size=&#8220;team-thumbnail&#8220;][vc_column_text]<\/p>\n<h5>Projektmanager<\/h5>\n<h3>Robert Obraniak<\/h3>\n<p>+48 602 235 626<br \/>\nrobert.obraniak@polinowex.com[\/vc_column_text][\/vc_column][\/vc_row][vc_row equal_height=&#8220;yes&#8220;][vc_column width=&#8220;1\/2&#8243; el_class=&#8220;team-member&#8220; offset=&#8220;vc_col-md-3 vc_col-xs-12&#8243;][vc_single_image image=&#8220;230&#8243; img_size=&#8220;team-thumbnail&#8220;][vc_column_text]<\/p>\n<h5>Projektmanager<\/h5>\n<h3>Grzegorz Sedlak<\/h3>\n<p>+48 664 430 836<br \/>\ngrzegorz.sedlak@polinowex.com[\/vc_column_text][\/vc_column][vc_column width=&#8220;1\/2&#8243; el_class=&#8220;team-member&#8220; offset=&#8220;vc_col-md-3 vc_col-xs-12&#8243;][\/vc_column][vc_column width=&#8220;1\/2&#8243; el_class=&#8220;team-member&#8220; offset=&#8220;vc_col-md-3 vc_col-xs-12&#8243;][\/vc_column][vc_column width=&#8220;1\/2&#8243; el_class=&#8220;team-member&#8220; offset=&#8220;vc_col-md-3 vc_col-xs-12&#8243;][\/vc_column][\/vc_row][vc_row][vc_column][vc_empty_space][vc_custom_heading text=&#8220;Internationalisierung&#8220; use_theme_fonts=&#8220;yes&#8220;][vc_column_text]Das Unternehmen f\u00fchrte das Projekt im Rahmen der Ko-Finanzierungsvereinbarung Nr. POPW.01.02.00-06-0009 \/ 18 \u201eInternationalisierungsprojekt des Unternehmens POL-INOWEX in den US- und DACH-M\u00e4rkten (Projekt internacjonalizacji przedsi\u0119biorstwa POL-INOWEX na rynki USA I DACH)\u201d<\/p>\n<p>Ziel des Projekts ist es, die Empfehlungen umzusetzen, die bei der Erstellung des Businessinternationalisierungsmodells entwickelt wurden, dessen Ziel es ist, POL-INOWEX in die neuen Auslandsm\u00e4rkte in den USA und den DACH-L\u00e4ndern einzuf\u00fchren.<br \/>\nWert des Projektes: PLN 818.390,91<br \/>\nFinanzierungsbetrag: PLN 476.396,66<\/p>\n<p>[\/vc_column_text][vc_single_image image=&#8220;323&#8243; img_size=&#8220;large&#8220;][\/vc_column][\/vc_row]<\/p>\n<\/div>","protected":false},"excerpt":{"rendered":"<p>[vc_row][vc_column][vc_custom_heading text=&#8220;WARUM POLINOWEX&#8220; use_theme_fonts=&#8220;yes&#8220;][\/vc_column][\/vc_row][vc_row full_width=&#8220;stretch_row&#8220; el_class=&#8220;about-us-img&#8220; css=&#8220;.vc_custom_1580659657607{background-image: url(https:\/\/polinowex.com\/wp-content\/uploads\/2020\/02\/about-us-bg-2.png?id=184) !important;}&#8220;][vc_column width=&#8220;1\/2&#8243; css=&#8220;.vc_custom_1580607956635{padding-top: 0px !important;}&#8220;][vc_column_text]Polinowex ist eine Firma mit rund 30 Jahren Erfahrung auf dem Markt in mehreren Industrien, die innovative Demontage-, Industrieverlagerungs- und Montageleistungen bietet. Unser Angebot, au\u00dfer der Demontage und des Packens, beinhaltet das Match-Marking, den 3D-Scan sowie die Trockeneisreinigung. Die Firma stellt \u00fcber 200 [&hellip;]<\/p>\n","protected":false},"author":3,"featured_media":314,"parent":0,"menu_order":0,"comment_status":"closed","ping_status":"closed","template":"aboutus.php","meta":{"footnotes":""},"class_list":["post-447","page","type-page","status-publish","has-post-thumbnail","hentry"],"_links":{"self":[{"href":"https:\/\/polinowex.com\/de\/wp-json\/wp\/v2\/pages\/447","targetHints":{"allow":["GET"]}}],"collection":[{"href":"https:\/\/polinowex.com\/de\/wp-json\/wp\/v2\/pages"}],"about":[{"href":"https:\/\/polinowex.com\/de\/wp-json\/wp\/v2\/types\/page"}],"author":[{"embeddable":true,"href":"https:\/\/polinowex.com\/de\/wp-json\/wp\/v2\/users\/3"}],"replies":[{"embeddable":true,"href":"https:\/\/polinowex.com\/de\/wp-json\/wp\/v2\/comments?post=447"}],"version-history":[{"count":3,"href":"https:\/\/polinowex.com\/de\/wp-json\/wp\/v2\/pages\/447\/revisions"}],"predecessor-version":[{"id":701,"href":"https:\/\/polinowex.com\/de\/wp-json\/wp\/v2\/pages\/447\/revisions\/701"}],"wp:featuredmedia":[{"embeddable":true,"href":"https:\/\/polinowex.com\/de\/wp-json\/wp\/v2\/media\/314"}],"wp:attachment":[{"href":"https:\/\/polinowex.com\/de\/wp-json\/wp\/v2\/media?parent=447"}],"curies":[{"name":"wp","href":"https:\/\/api.w.org\/{rel}","templated":true}]}}