{"id":373,"date":"2020-01-22T00:39:05","date_gmt":"2020-01-21T23:39:05","guid":{"rendered":"http:\/\/polinowex.com\/company\/"},"modified":"2021-12-09T12:27:28","modified_gmt":"2021-12-09T11:27:28","slug":"company","status":"publish","type":"page","link":"https:\/\/polinowex.com\/fr\/company\/","title":{"rendered":"\u00c0 propos de nous"},"content":{"rendered":"<div class=\"wpb-content-wrapper\"><p>[vc_row][vc_column][vc_custom_heading text=\u00a0\u00bbPOURQUOI POLINOWEX\u00a0\u00bb use_theme_fonts=\u00a0\u00bbyes\u00a0\u00bb][\/vc_column][\/vc_row][vc_row full_width=\u00a0\u00bbstretch_row\u00a0\u00bb el_class=\u00a0\u00bbabout-us-img\u00a0\u00bb css=\u00a0\u00bb.vc_custom_1580659657607{background-image: url(https:\/\/polinowex.com\/wp-content\/uploads\/2020\/02\/about-us-bg-2.png?id=184) !important;}\u00a0\u00bb][vc_column width=\u00a0\u00bb1\/2&Prime; css=\u00a0\u00bb.vc_custom_1580607956635{padding-top: 0px !important;}\u00a0\u00bb][vc_column_text]Avec pr\u00e8s de 30 ans d\u2019exp\u00e9rience sur le march\u00e9, Polinowex est une soci\u00e9t\u00e9 fournissant des services innovants de d\u00e9montage, de relocalisation industrielle, ainsi que de remontage. \u00c0 part du d\u00e9montage et l\u2019emballage standard, nous nous sp\u00e9cialisons dans le marquage des installations industrielles, le scannage en 3D et dans le nettoyage \u00e0 la glace s\u00e8che.<\/p>\n<p>La soci\u00e9t\u00e9 emploie actuellement plus de 200 employ\u00e9s, la plupart d\u2019entre eux sont techniciens ayant exp\u00e9rience dans nombreuses branches industrielles. Nos techniciens chevronn\u00e9s utilisent tous les jours des outils et \u00e9quipement professionnels, et acceptent volontiers de nouveaux d\u00e9fis.<br \/>\nNotre travail, c\u2019est notre passion. C\u2019est la raison pourquoi nous traitons tous les projets d\u2019une mani\u00e8re individuelle : nous les g\u00e9rons avec soin et une diligence extr\u00eame. Notre but est d\u2019ex\u00e9cuter des projets d\u2019une mani\u00e8re irr\u00e9prochable et de satisfaire le client.<\/p>\n<p>Nous accordons une grande importance \u00e0 nos clients et en m\u00eame temps prenons soin de nos employ\u00e9s dont l\u2019engagement est \u00e0 la base du succ\u00e8s de notre entreprise et de nos clients. Polinowex a re\u00e7u trois certificats, ISO 9001, ISO 14001 et OHSAS, faisant preuve que la Sant\u00e9 et la S\u00e9curit\u00e9 au travail est au c\u0153ur de notre activit\u00e9.<br \/>\n[\/vc_column_text][\/vc_column][vc_column width=\u00a0\u00bb1\/2&Prime; css=\u00a0\u00bb.vc_custom_1580607730120{padding-top: 0px !important;}\u00a0\u00bb][vc_column_text]Avant de commencer une op\u00e9ration, nous pr\u00e9parons des documents en analysant et en choisissant les m\u00e9thodes et la technologie que nous allons adapter. Nous fournissons \u00e0 nos clients une \u00e9valuation d\u00e9taill\u00e9e des risques, ainsi qu\u2019un plan d\u2019urgence et un calendrier pr\u00e9liminaire.<\/p>\n<p>Lorsque nous commen\u00e7ons les activit\u00e9s de d\u00e9montage, nous faisons relev\u00e9s 3D pr\u00e9cis de tous les locaux, de machines et \u00e9quipements pour faciliter nos op\u00e9rations dans la phase de remontage. Nous nous servons r\u00e9guli\u00e8rement d\u2019un logiciel de calcul pour la conceptualisation des caisses palettes en bois et s\u00e9lection des mat\u00e9riaux, ainsi que d\u2019un logiciel permettant de stabiliser les grues pour le levage de charges lourdes.<\/p>\n<p>Afin de satisfaire les besoins de nos clients, nous abordons chaque projet avec souplesse car nous nous rendons compte de diff\u00e9rentes conditions et r\u00e9glementations qui varient selon les pays d\u2019exploitation.<br \/>\n[\/vc_column_text][\/vc_column][\/vc_row][vc_row full_width=\u00a0\u00bbstretch_row\u00a0\u00bb css=\u00a0\u00bb.vc_custom_1580660234232{padding-top: 40px !important;padding-bottom: 40px !important;background-color: #0d2985 !important;}\u00a0\u00bb][vc_column width=\u00a0\u00bb1\/2&Prime; el_class=\u00a0\u00bbwhite-text-color\u00a0\u00bb][vc_custom_heading text=\u00a0\u00bbNOS STANDARDS\u00a0\u00bb font_container=\u00a0\u00bbtag:h2|text_align:left|color:%23ffffff\u00a0\u00bb use_theme_fonts=\u00a0\u00bbyes\u00a0\u00bb][vc_column_text]La Sant\u00e9 et la S\u00e9curit\u00e9 au travail est notre pr\u00e9occupation primordiale. Pour nous, il est n\u00e9cessaire de garantir \u00e0 nos employ\u00e9s une assistance imm\u00e9diate quel que soit le temps et endroit de leur travail.<\/p>\n<p>Nous continuons de promouvoir la culture de s\u00fbret\u00e9 parmi nos employ\u00e9s en leur proposant des cours qui renforcent leur connaissances et comp\u00e9tences dans ce domaine. En effet, nous avons r\u00e9ussi \u00e0 r\u00e9duire le taux de blessures et d\u2019incidents d\u2019une mani\u00e8re significative au cours des derni\u00e8res ann\u00e9es.<br \/>\nToutes nos op\u00e9rations et activit\u00e9s sont conformes aux normes mondiales les plus \u00e9lev\u00e9es. Au cours des ann\u00e9es, nous avons r\u00e9ussi \u00e0 impl\u00e9menter un syst\u00e8me de gestion complexe bas\u00e9 sur les certificats OHSAS 18001:2007, ISO 14001:2004 et ISO 9001:2008.<\/p>\n<p>Tout cela se traduit par des travaux de d\u00e9montage, de relocalisation et de remontage fiables et sans retard qui contribuent \u00e0 la satisfaction de nos clients en r\u00e9pondant \u00e0 leur besoin individuels.<br \/>\n[\/vc_column_text][\/vc_column][vc_column width=\u00a0\u00bb1\/2&Prime;][vc_single_image image=\u00a0\u00bb176&Prime; img_size=\u00a0\u00bbfull\u00a0\u00bb alignment=\u00a0\u00bbright\u00a0\u00bb css=\u00a0\u00bb.vc_custom_1580660391829{padding-top: 30px !important;}\u00a0\u00bb el_class=\u00a0\u00bbshadowed\u00a0\u00bb][\/vc_column][\/vc_row][vc_row full_width=\u00a0\u00bbstretch_row\u00a0\u00bb css=\u00a0\u00bb.vc_custom_1580661863888{padding-top: 40px !important;padding-bottom: 40px !important;background-color: #dedede !important;}\u00a0\u00bb][vc_column width=\u00a0\u00bb1\/2&Prime; el_class=\u00a0\u00bbblue-text-color\u00a0\u00bb][vc_single_image image=\u00a0\u00bb176&Prime; img_size=\u00a0\u00bbfull\u00a0\u00bb css=\u00a0\u00bb.vc_custom_1580661987373{padding-top: 30px !important;}\u00a0\u00bb el_class=\u00a0\u00bbshadowed\u00a0\u00bb][\/vc_column][vc_column width=\u00a0\u00bb1\/2&Prime; el_class=\u00a0\u00bbblue-text-color\u00a0\u00bb][vc_custom_heading text=\u00a0\u00bb\u00c0 PROPOS DE LA SOCI\u00c9T\u00c9\u00a0\u00bb font_container=\u00a0\u00bbtag:h2|text_align:left|color:%230d2985&Prime; use_theme_fonts=\u00a0\u00bbyes\u00a0\u00bb][vc_column_text]\u00c9tablie en 1991 \u00e0 Lublin par l\u2019ing\u00e9nieur polonais Jerzy \u015awiderek, la soci\u00e9t\u00e9 Polinowex est actuellement le fournisseur mondial des services de d\u00e9montage, de relocalisation, et de remontage d\u2019installations industrielles enti\u00e8res, d\u2019unit\u00e9s technologiques, de lignes de production, ainsi que de machines.<\/p>\n<p>Les relocalisations industrielles jouent un r\u00f4le important dans l\u2019\u00e9conomie mondiale, la gestion de la production, ainsi que dans l\u2019optimisation des activit\u00e9s. Nous proposons des solutions innovantes \u00e0 la pointe de la technologie sur ce march\u00e9 sp\u00e9cialis\u00e9 dans les industries allant de l\u2019\u00e9nergie et de l\u2019\u00e9lectricit\u00e9, de la chimie et des raffineries, du papier, de l\u2019acier et du m\u00e9tal \u00e0 l\u2019industrie alimentaire ou automobile.<\/p>\n<p>Polinowex a d\u00e9but\u00e9 comme une entreprise familiale pour devenir une soci\u00e9t\u00e9 employant 200 personnes et r\u00e9alisant des projet au niveau international. Au cours de trois derni\u00e8res d\u00e9cennies, nous avons r\u00e9alis\u00e9 plus de 400 projets en Europe, en Asie, en Afrique, \u00e9galement qu\u2019en deux Am\u00e9riques.<\/p>\n<p>Pendant notre premier projet international en Allemagne, nous avons appris que pour nous les limites n\u2019existaient pas!<br \/>\n[\/vc_column_text][\/vc_column][\/vc_row][vc_row][vc_column][vc_custom_heading text=\u00a0\u00bb\u00c9quipe\u00a0\u00bb use_theme_fonts=\u00a0\u00bbyes\u00a0\u00bb][\/vc_column][\/vc_row][vc_row equal_height=\u00a0\u00bbyes\u00a0\u00bb][vc_column width=\u00a0\u00bb1\/2&Prime; el_class=\u00a0\u00bbteam-member\u00a0\u00bb offset=\u00a0\u00bbvc_col-md-3 vc_col-xs-12&Prime;][vc_single_image image=\u00a0\u00bb197&Prime; img_size=\u00a0\u00bbteam-thumbnail\u00a0\u00bb][vc_column_text]<\/p>\n<h5>Pr\u00e9sident du Conseil d\u2019Administration<\/h5>\n<h3>Jerzy Swiderek<\/h3>\n<p>+48 602 264 268<br \/>\nj.swiderek@polinowex.com[\/vc_column_text][\/vc_column][vc_column width=\u00a0\u00bb1\/2&Prime; el_class=\u00a0\u00bbteam-member\u00a0\u00bb offset=\u00a0\u00bbvc_col-md-3 vc_col-xs-12&Prime;][vc_single_image image=\u00a0\u00bb201&Prime; img_size=\u00a0\u00bbteam-thumbnail\u00a0\u00bb][vc_column_text]<\/p>\n<h5>Le Vice-Pr\u00e9sident du Conseil<\/h5>\n<h3>Bartosz Swiderek<\/h3>\n<p>+48 602 663 663<br \/>\nbartosz.swiderek@polinowex.com[\/vc_column_text][\/vc_column][vc_column width=\u00a0\u00bb1\/2&Prime; el_class=\u00a0\u00bbteam-member\u00a0\u00bb offset=\u00a0\u00bbvc_col-md-3 vc_col-xs-12&Prime;][vc_single_image image=\u00a0\u00bb203&Prime; img_size=\u00a0\u00bbteam-thumbnail\u00a0\u00bb][vc_column_text]<\/p>\n<h5>Le Vice-Pr\u00e9sident du Conseil<\/h5>\n<h3>Magdalena Mulak<\/h3>\n<p>+48 602 662 662<br \/>\nmagdalena.mulak@polinowex.com[\/vc_column_text][\/vc_column][vc_column width=\u00a0\u00bb1\/2&Prime; el_class=\u00a0\u00bbteam-member\u00a0\u00bb offset=\u00a0\u00bbvc_col-md-3 vc_col-xs-12&Prime;][vc_single_image image=\u00a0\u00bb205&Prime; img_size=\u00a0\u00bbteam-thumbnail\u00a0\u00bb][vc_column_text]<\/p>\n<h5>Directeur G\u00e9n\u00e9ral<\/h5>\n<h3>Piotr Rakowski<\/h3>\n<p>+48 662 139 729<br \/>\npiotr.rakowski@polinowex.com[\/vc_column_text][\/vc_column][\/vc_row][vc_row equal_height=\u00a0\u00bbyes\u00a0\u00bb][vc_column width=\u00a0\u00bb1\/2&Prime; el_class=\u00a0\u00bbteam-member\u00a0\u00bb offset=\u00a0\u00bbvc_col-md-3 vc_col-xs-12&Prime;][vc_single_image image=\u00a0\u00bb212&Prime; img_size=\u00a0\u00bbteam-thumbnail\u00a0\u00bb][vc_column_text]<\/p>\n<h5>Directeur Financier<\/h5>\n<h3>Monika Kaliszuk<\/h3>\n<p>+48 662 152 551<br \/>\nmonika.kaliszuk@polinowex.com[\/vc_column_text][\/vc_column][vc_column width=\u00a0\u00bb1\/2&Prime; el_class=\u00a0\u00bbteam-member\u00a0\u00bb offset=\u00a0\u00bbvc_col-md-3 vc_col-xs-12&Prime;][vc_single_image image=\u00a0\u00bb214&Prime; img_size=\u00a0\u00bbteam-thumbnail\u00a0\u00bb][vc_column_text]<\/p>\n<h5>Directeur Technique<\/h5>\n<h3>Zbigniew Swiderek<\/h3>\n<p>+48 608 069 373<br \/>\nzbigniew.swiderek@polinowex.com[\/vc_column_text][\/vc_column][vc_column width=\u00a0\u00bb1\/2&Prime; el_class=\u00a0\u00bbteam-member\u00a0\u00bb offset=\u00a0\u00bbvc_col-md-3 vc_col-xs-12&Prime;][vc_single_image image=\u00a0\u00bb216&Prime; img_size=\u00a0\u00bbteam-thumbnail\u00a0\u00bb][vc_column_text]<\/p>\n<h5>Responsable de la logistique et des TI<\/h5>\n<h3>Piotr Lewandowski<\/h3>\n<p>+48 600 897 803<br \/>\npiotr.lewandowski@polinowex.pl[\/vc_column_text][\/vc_column][vc_column width=\u00a0\u00bb1\/2&Prime; el_class=\u00a0\u00bbteam-member\u00a0\u00bb offset=\u00a0\u00bbvc_col-md-3 vc_col-xs-12&Prime;][vc_single_image image=\u00a0\u00bb218&Prime; img_size=\u00a0\u00bbteam-thumbnail\u00a0\u00bb][vc_column_text]<\/p>\n<h5>Gestionnaire du Projet<\/h5>\n<h3>Wojciech Rozylo<\/h3>\n<p>+48 662 139 730<br \/>\nwojciech.rozylo@polinowex.com[\/vc_column_text][\/vc_column][\/vc_row][vc_row equal_height=\u00a0\u00bbyes\u00a0\u00bb][vc_column width=\u00a0\u00bb1\/2&Prime; el_class=\u00a0\u00bbteam-member\u00a0\u00bb offset=\u00a0\u00bbvc_col-md-3 vc_col-xs-12&Prime;][vc_single_image image=\u00a0\u00bb222&Prime; img_size=\u00a0\u00bbteam-thumbnail\u00a0\u00bb][vc_column_text]<\/p>\n<h5>Gestionnaire du Projet<\/h5>\n<h3>Micha\u0142 Makowski<\/h3>\n<p>+48 662 139 733<br \/>\nmichal.makowski@polinowex.com[\/vc_column_text][\/vc_column][vc_column width=\u00a0\u00bb1\/2&Prime; el_class=\u00a0\u00bbteam-member\u00a0\u00bb offset=\u00a0\u00bbvc_col-md-3 vc_col-xs-12&Prime;][vc_single_image image=\u00a0\u00bb224&Prime; img_size=\u00a0\u00bbteam-thumbnail\u00a0\u00bb][vc_column_text]<\/p>\n<h5>Gestionnaire du Projet<\/h5>\n<h3>Karol Kunc<\/h3>\n<p>+48 784 096 282<br \/>\nkarol.kunc@polinowex.com[\/vc_column_text][\/vc_column][vc_column width=\u00a0\u00bb1\/2&Prime; el_class=\u00a0\u00bbteam-member\u00a0\u00bb offset=\u00a0\u00bbvc_col-md-3 vc_col-xs-12&Prime;][vc_single_image image=\u00a0\u00bb226&Prime; img_size=\u00a0\u00bbteam-thumbnail\u00a0\u00bb][vc_column_text]<\/p>\n<h5>Gestionnaire du Projet<\/h5>\n<h3>Artur Hetmanski<\/h3>\n<p>+48 604 432 308<br \/>\nartur.hetmanski@polinowex.com[\/vc_column_text][\/vc_column][vc_column width=\u00a0\u00bb1\/2&Prime; el_class=\u00a0\u00bbteam-member\u00a0\u00bb offset=\u00a0\u00bbvc_col-md-3 vc_col-xs-12&Prime;][vc_single_image image=\u00a0\u00bb228&Prime; img_size=\u00a0\u00bbteam-thumbnail\u00a0\u00bb][vc_column_text]<\/p>\n<h5>Gestionnaire du Projet<\/h5>\n<h3>Robert Obraniak<\/h3>\n<p>+48 602 235 626<br \/>\nrobert.obraniak@polinowex.com[\/vc_column_text][\/vc_column][\/vc_row][vc_row equal_height=\u00a0\u00bbyes\u00a0\u00bb][vc_column width=\u00a0\u00bb1\/2&Prime; el_class=\u00a0\u00bbteam-member\u00a0\u00bb offset=\u00a0\u00bbvc_col-md-3 vc_col-xs-12&Prime;][vc_single_image image=\u00a0\u00bb230&Prime; img_size=\u00a0\u00bbteam-thumbnail\u00a0\u00bb][vc_column_text]<\/p>\n<h5>Gestionnaire du Projet<\/h5>\n<h3>Grzegorz Sedlak<\/h3>\n<p>+48 664 430 836<br \/>\ngrzegorz.sedlak@polinowex.com[\/vc_column_text][\/vc_column][vc_column width=\u00a0\u00bb1\/2&Prime; el_class=\u00a0\u00bbteam-member\u00a0\u00bb offset=\u00a0\u00bbvc_col-md-3 vc_col-xs-12&Prime;][\/vc_column][vc_column width=\u00a0\u00bb1\/2&Prime; el_class=\u00a0\u00bbteam-member\u00a0\u00bb offset=\u00a0\u00bbvc_col-md-3 vc_col-xs-12&Prime;][\/vc_column][vc_column width=\u00a0\u00bb1\/2&Prime; el_class=\u00a0\u00bbteam-member\u00a0\u00bb offset=\u00a0\u00bbvc_col-md-3 vc_col-xs-12&Prime;][\/vc_column][\/vc_row][vc_row][vc_column][vc_empty_space][vc_custom_heading text=\u00a0\u00bbInternationalisation\u00a0\u00bb use_theme_fonts=\u00a0\u00bbyes\u00a0\u00bb][vc_column_text]La soci\u00e9t\u00e9 a r\u00e9alis\u00e9 ses projets dans le cadre de l\u2019accord de cofinancement No. POPW.01.02.00-06-0009\/18 \u00ab Projet d\u2019internationalisation de la soci\u00e9t\u00e9 POL-INOWEX sur les march\u00e9s des \u00c9tats-Unis et les pays du DACH \u00bb.<\/p>\n<p>L\u2019objectif du projet est d\u2019impl\u00e9menter les recommandations \u00e9labor\u00e9es lors de la cr\u00e9ation du mod\u00e8le d\u2019internationalisation des entreprises dont le but est d\u2019introduire POL-INOWEX sur de nouveaux march\u00e9s \u00e9trangers aux \u00c9tats-Unis et dans les pays du DACH.<br \/>\nLa valeur du projet : PLN 818.390,91<br \/>\nLa valeur du financement : PLN 476.396,66<br \/>\n[\/vc_column_text][vc_single_image image=\u00a0\u00bb323&Prime; img_size=\u00a0\u00bblarge\u00a0\u00bb][\/vc_column][\/vc_row]<\/p>\n<\/div>","protected":false},"excerpt":{"rendered":"<p>[vc_row][vc_column][vc_custom_heading text=\u00a0\u00bbPOURQUOI POLINOWEX\u00a0\u00bb use_theme_fonts=\u00a0\u00bbyes\u00a0\u00bb][\/vc_column][\/vc_row][vc_row full_width=\u00a0\u00bbstretch_row\u00a0\u00bb el_class=\u00a0\u00bbabout-us-img\u00a0\u00bb css=\u00a0\u00bb.vc_custom_1580659657607{background-image: url(https:\/\/polinowex.com\/wp-content\/uploads\/2020\/02\/about-us-bg-2.png?id=184) !important;}\u00a0\u00bb][vc_column width=\u00a0\u00bb1\/2&Prime; css=\u00a0\u00bb.vc_custom_1580607956635{padding-top: 0px !important;}\u00a0\u00bb][vc_column_text]Avec pr\u00e8s de 30 ans d\u2019exp\u00e9rience sur le march\u00e9, Polinowex est une soci\u00e9t\u00e9 fournissant des services innovants de d\u00e9montage, de relocalisation industrielle, ainsi que de remontage. \u00c0 part du d\u00e9montage et l\u2019emballage standard, nous nous sp\u00e9cialisons dans le marquage des installations industrielles, le [&hellip;]<\/p>\n","protected":false},"author":3,"featured_media":375,"parent":0,"menu_order":0,"comment_status":"closed","ping_status":"closed","template":"aboutus.php","meta":{"footnotes":""},"class_list":["post-373","page","type-page","status-publish","has-post-thumbnail","hentry"],"_links":{"self":[{"href":"https:\/\/polinowex.com\/fr\/wp-json\/wp\/v2\/pages\/373","targetHints":{"allow":["GET"]}}],"collection":[{"href":"https:\/\/polinowex.com\/fr\/wp-json\/wp\/v2\/pages"}],"about":[{"href":"https:\/\/polinowex.com\/fr\/wp-json\/wp\/v2\/types\/page"}],"author":[{"embeddable":true,"href":"https:\/\/polinowex.com\/fr\/wp-json\/wp\/v2\/users\/3"}],"replies":[{"embeddable":true,"href":"https:\/\/polinowex.com\/fr\/wp-json\/wp\/v2\/comments?post=373"}],"version-history":[{"count":5,"href":"https:\/\/polinowex.com\/fr\/wp-json\/wp\/v2\/pages\/373\/revisions"}],"predecessor-version":[{"id":712,"href":"https:\/\/polinowex.com\/fr\/wp-json\/wp\/v2\/pages\/373\/revisions\/712"}],"wp:featuredmedia":[{"embeddable":true,"href":"https:\/\/polinowex.com\/fr\/wp-json\/wp\/v2\/media\/375"}],"wp:attachment":[{"href":"https:\/\/polinowex.com\/fr\/wp-json\/wp\/v2\/media?parent=373"}],"curies":[{"name":"wp","href":"https:\/\/api.w.org\/{rel}","templated":true}]}}